{"id":1272,"date":"2021-04-10T09:24:05","date_gmt":"2021-04-10T09:24:05","guid":{"rendered":"https:\/\/deporte.lanjaron.es\/trail\/?page_id=1272"},"modified":"2026-02-24T10:27:52","modified_gmt":"2026-02-24T10:27:52","slug":"trail-home","status":"publish","type":"page","link":"https:\/\/deporte.lanjaron.es\/trail\/","title":{"rendered":"TRAIL HOME"},"content":{"rendered":"<p><div class=\"fusion-fullwidth fullwidth-box fusion-builder-row-1 nonhundred-percent-fullwidth non-hundred-percent-height-scrolling\" style=\"--awb-background-position:left top;--awb-border-sizes-top:0px;--awb-border-sizes-bottom:0px;--awb-border-sizes-left:0px;--awb-border-sizes-right:0px;--awb-border-radius-top-left:0px;--awb-border-radius-top-right:0px;--awb-border-radius-bottom-right:0px;--awb-border-radius-bottom-left:0px;--awb-padding-top:35px;--awb-padding-right:15%;--awb-padding-bottom:3%;--awb-padding-left:15%;--awb-flex-wrap:wrap;\" ><div class=\"fusion-builder-row fusion-row\"><div class=\"fusion-layout-column fusion_builder_column fusion-builder-column-0 fusion_builder_column_1_1 1_1 fusion-one-full fusion-column-first fusion-column-last fusion-animated\" style=\"--awb-padding-right:40px;--awb-padding-left:40px;--awb-bg-size:cover;--awb-margin-top:60px;--awb-margin-bottom:70px;\" data-animationType=\"fadeInDown\" data-animationDuration=\"1.0\" data-animationOffset=\"top-into-view\"><div class=\"fusion-column-wrapper fusion-column-has-shadow fusion-flex-column-wrapper-legacy\"><div class=\"fusion-text fusion-text-1\"><h2 style=\"text-align: center;\">XI LANJAR\u00d3N<br \/>\nCA\u00d1\u00d3N <span style=\"color: #b2800d;\">TRAIL<\/span><\/h2>\n<\/div><div class=\"fusion-fa-align-center\"><i class=\"fb-icon-element-1 fb-icon-element fontawesome-icon fa-ellipsis-h fas circle-no\" style=\"--awb-iconcolor:#b2800d;--awb-iconcolor-hover:#04b301;--awb-font-size:14px;--awb-margin-bottom:40px;\"><\/i><\/div><div class=\"fusion-text fusion-text-2\"><p>El <strong>X Lanjar\u00f3n Ca\u00f1\u00f3n Trail<\/strong> es una carrera de monta\u00f1a en el que el agua, paisajes de ensue\u00f1o y t\u00fa, ser\u00e9is los verdaderos protagonistas.<\/p>\n<p>Disfrutaras de un\u00a0 recorrido por caminos y veredas en el que estaremos m\u00e1s aun en contacto con el agua por 5 Acequias distintas de la localidad en la modalidad de trail y 3 Acequias en la modalidad de minitrail.<\/p>\n<p>Podr\u00e1s elegir entre el\u00a0<strong>5 ACEQUIAS (CT5A) con un recorrido de 20 km y 1.200 metros de desnivel acumulado o 3 ACEQUIAS (CT3a) con 13 km y 776 metros de desnivel<\/strong>. Ambos recorrer\u00e1n acequias de aguas cristalinas, empinados senderos de herradura y bosques centenarios de casta\u00f1os donde el runner, \u00a0tendr\u00e1 que exprimirse a tope para completar este espectacular trazado en la Sierra de Lanjar\u00f3n.<\/p>\n<p>Es un trazado de puro Trail en el que la <strong>t\u00e9cnica, destreza y resistencia<\/strong> se tendr\u00e1n que conjugar en su perfecta medida para hacer un buen tiempo en la l\u00ednea de meta. La l\u00ednea de salida y meta estar\u00e1n en la plaza de la Constituci\u00f3n, junto al Ayuntamiento de Lanjar\u00f3n.<\/p>\n<p>\u00a1\u00a1No te lo pienses!!<\/p>\n<p><strong>\u00bfEst\u00e1s preparado?<\/strong><\/p>\n<\/div><div class=\"fusion-sep-clear\"><\/div><div class=\"fusion-separator fusion-full-width-sep\" style=\"margin-left: auto;margin-right: auto;margin-top:30px;width:100%;\"><\/div><div class=\"fusion-sep-clear\"><\/div><div class=\"fusion-aligncenter\"><a class=\"fusion-button button-flat fusion-button-default-size button-custom fusion-button-default button-1 fusion-button-default-span fusion-button-default-type\" style=\"--button_accent_color:#ffffff;--button_border_color:#04b301;--button_accent_hover_color:#ffffff;--button_border_hover_color:#ffffff;--button_gradient_top_color:rgba(4,179,1,0.61);--button_gradient_bottom_color:rgba(4,179,1,0.61);--button_gradient_top_color_hover:#04b301;--button_gradient_bottom_color_hover:#04b301;\" target=\"_self\" href=\"https:\/\/www.global-tempo.com\/carreras.php?id=3005\"><span class=\"fusion-button-text\">INCR\u00cdBETE YA<\/span><i class=\"fa-angle-right fas button-icon-right\" aria-hidden=\"true\"><\/i><\/a><\/div><div class=\"fusion-sep-clear\"><\/div><div class=\"fusion-separator fusion-full-width-sep\" style=\"margin-left: auto;margin-right: auto;margin-top:30px;width:100%;\"><\/div><div class=\"fusion-sep-clear\"><\/div><div class=\"fusion-aligncenter\"><a class=\"fusion-button button-flat fusion-button-default-size button-custom fusion-button-default button-2 fusion-button-default-span fusion-button-default-type\" style=\"--button_accent_color:#ffffff;--button_border_color:#000000;--button_accent_hover_color:#ffffff;--button_border_hover_color:#ffffff;--button_gradient_top_color:rgba(4,179,1,0.61);--button_gradient_bottom_color:rgba(4,179,1,0.61);--button_gradient_top_color_hover:#04b301;--button_gradient_bottom_color_hover:#04b301;\" target=\"_self\" href=\"https:\/\/deporte.lanjaron.es\/trail\/wp-content\/uploads\/2024\/02\/AUTORIZACION-MENORES-DE-EDAD_2024.pdf\"><span class=\"fusion-button-text\">AUTORIZACIONES MENORES<\/span><i class=\"fa-angle-right fas button-icon-right\" aria-hidden=\"true\"><\/i><\/a><\/div><div class=\"fusion-sep-clear\"><\/div><div class=\"fusion-separator fusion-full-width-sep\" style=\"margin-left: auto;margin-right: auto;margin-top:30px;width:100%;\"><\/div><div class=\"fusion-sep-clear\"><\/div><div class=\"fusion-video fusion-youtube fusion-aligncenter\" style=\"--awb-max-width:600px;--awb-max-height:360px;--awb-width:100%;\"><div class=\"video-shortcode\"><div class=\"fluid-width-video-wrapper\" style=\"padding-top:60%;\" ><iframe title=\"YouTube video player 1\" src=\"https:\/\/www.youtube.com\/embed\/WKEseP1L53c?wmode=transparent&autoplay=0\" width=\"600\" height=\"360\" allowfullscreen allow=\"autoplay; fullscreen\"><\/iframe><\/div><\/div><\/div><div class=\"fusion-clearfix\"><\/div><\/div><\/div><\/div><\/div><div class=\"fusion-fullwidth fullwidth-box fusion-builder-row-2 hundred-percent-fullwidth non-hundred-percent-height-scrolling fusion-equal-height-columns\" style=\"--awb-background-position:left top;--awb-border-sizes-top:0px;--awb-border-sizes-bottom:0px;--awb-border-sizes-left:0px;--awb-border-sizes-right:0px;--awb-border-radius-top-left:0px;--awb-border-radius-top-right:0px;--awb-border-radius-bottom-right:0px;--awb-border-radius-bottom-left:0px;--awb-padding-top:0px;--awb-padding-right:0px;--awb-padding-bottom:0px;--awb-padding-left:0px;--awb-margin-top:0px;--awb-margin-bottom:0px;--awb-background-color:#f7f7f7;--awb-flex-wrap:wrap;\" ><div class=\"fusion-builder-row fusion-row\"><div class=\"fusion-layout-column fusion_builder_column fusion-builder-column-1 fusion_builder_column_2_3 2_3 fusion-two-third fusion-column-first\" style=\"--awb-padding-top:100px;--awb-padding-right:15%;--awb-padding-bottom:0px;--awb-padding-left:15%;--awb-bg-size:cover;--awb-margin-top:0px;--awb-margin-bottom:0px;\"><div class=\"fusion-column-wrapper fusion-column-has-shadow fusion-flex-column-wrapper-legacy\"><div class=\"fusion-column-content-centered\"><div class=\"fusion-column-content\"><div class=\"fusion-text fusion-text-3\"><h3>MODALIDADES COMPETITIVAS<\/h3>\n<p>Todos los asistentes y acompa\u00f1antes podr\u00e1n disfrutar de actividades paralelas, con numeras propuestas l\u00fadicas y atenci\u00f3n especial a los m\u00e1s peques, para los que se volver\u00e1n a celebrar competiciones infantiles con distancias adaptadas a cada edad. M\u00e1s que una prueba deportiva, el Lanjar\u00f3n Ca\u00f1\u00f3n Trail se convierte cada a\u00f1o en una experiencia integral de ocio, deporte y convivencia.<\/p>\n<\/div><div class=\"fusion-builder-row fusion-builder-row-inner fusion-row\"><div class=\"fusion-layout-column fusion_builder_column_inner fusion-builder-nested-column-0 fusion_builder_column_inner_1_2 1_2 fusion-one-half fusion-column-first\" style=\"--awb-bg-size:cover;width:50%;width:calc(50% - ( ( 4% ) * 0.5 ) );margin-right: 4%;\"><div class=\"fusion-column-wrapper fusion-column-has-shadow fusion-flex-column-wrapper-legacy\"><div class=\"fusion-text fusion-text-4\"><h3 style=\"text-align: center;\"><a href=\"https:\/\/es.wikiloc.com\/rutas-carrera-por-montana\/lanjaron-ctl5a-142775506\">5 ACEQUIAS<\/a><\/h3>\n<p>20 KM Y 1200 METROS DE DESNIVEL POSITIVO ACUMULADO<\/p>\n<\/div><div class=\"fusion-image-element fusion-image-align-center in-legacy-container\" style=\"text-align:center;--awb-max-width:150px;--awb-caption-title-font-family:var(--h2_typography-font-family);--awb-caption-title-font-weight:var(--h2_typography-font-weight);--awb-caption-title-font-style:var(--h2_typography-font-style);--awb-caption-title-size:var(--h2_typography-font-size);--awb-caption-title-transform:var(--h2_typography-text-transform);--awb-caption-title-line-height:var(--h2_typography-line-height);--awb-caption-title-letter-spacing:var(--h2_typography-letter-spacing);\"><div class=\"imageframe-align-center\"><span class=\" fusion-imageframe imageframe-none imageframe-1 hover-type-none\"><a class=\"fusion-no-lightbox\" href=\"https:\/\/es.wikiloc.com\/rutas-carrera-por-montana\/lct5a-oficial-2025-214471989\" target=\"_self\" aria-label=\"wikiloc_logo\"><img decoding=\"async\" width=\"500\" height=\"109\" src=\"https:\/\/deporte.lanjaron.es\/trail\/wp-content\/uploads\/2024\/02\/wikiloc_logo.png\" alt class=\"img-responsive wp-image-1349\" srcset=\"https:\/\/deporte.lanjaron.es\/trail\/wp-content\/uploads\/2024\/02\/wikiloc_logo-200x44.png 200w, https:\/\/deporte.lanjaron.es\/trail\/wp-content\/uploads\/2024\/02\/wikiloc_logo-400x87.png 400w, https:\/\/deporte.lanjaron.es\/trail\/wp-content\/uploads\/2024\/02\/wikiloc_logo.png 500w\" sizes=\"(max-width: 1000px) 100vw, 500px\" \/><\/a><\/span><\/div><\/div><div class=\"fusion-clearfix\"><\/div><\/div><\/div><div class=\"fusion-layout-column fusion_builder_column_inner fusion-builder-nested-column-1 fusion_builder_column_inner_1_2 1_2 fusion-one-half fusion-column-last\" style=\"--awb-bg-size:cover;width:50%;width:calc(50% - ( ( 4% ) * 0.5 ) );\"><div class=\"fusion-column-wrapper fusion-column-has-shadow fusion-flex-column-wrapper-legacy\"><div class=\"fusion-text fusion-text-5\"><h3 style=\"text-align: center;\"><a href=\"https:\/\/es.wikiloc.com\/rutas-carrera-por-montana\/circular-acequia-del-aceituno-cecarta-nueva-y-montalban-157969528\">3 ACEQUIAS<\/a><\/h3>\n<p>13KM Y 776 METROS DE DESNIVEL POSITIVO ACUMULADO<\/p>\n<\/div><div class=\"fusion-image-element fusion-image-align-center in-legacy-container\" style=\"text-align:center;--awb-max-width:150px;--awb-caption-title-font-family:var(--h2_typography-font-family);--awb-caption-title-font-weight:var(--h2_typography-font-weight);--awb-caption-title-font-style:var(--h2_typography-font-style);--awb-caption-title-size:var(--h2_typography-font-size);--awb-caption-title-transform:var(--h2_typography-text-transform);--awb-caption-title-line-height:var(--h2_typography-line-height);--awb-caption-title-letter-spacing:var(--h2_typography-letter-spacing);\"><div class=\"imageframe-align-center\"><span class=\" fusion-imageframe imageframe-none imageframe-2 hover-type-none\"><a class=\"fusion-no-lightbox\" href=\"https:\/\/es.wikiloc.com\/rutas-carrera-por-montana\/circular-acequia-del-aceituno-cecarta-nueva-y-montalban-157969528\" target=\"_self\" aria-label=\"wikiloc_logo\"><img decoding=\"async\" width=\"500\" height=\"109\" src=\"https:\/\/deporte.lanjaron.es\/trail\/wp-content\/uploads\/2024\/02\/wikiloc_logo.png\" alt class=\"img-responsive wp-image-1349\" srcset=\"https:\/\/deporte.lanjaron.es\/trail\/wp-content\/uploads\/2024\/02\/wikiloc_logo-200x44.png 200w, https:\/\/deporte.lanjaron.es\/trail\/wp-content\/uploads\/2024\/02\/wikiloc_logo-400x87.png 400w, https:\/\/deporte.lanjaron.es\/trail\/wp-content\/uploads\/2024\/02\/wikiloc_logo.png 500w\" sizes=\"(max-width: 1000px) 100vw, 500px\" \/><\/a><\/span><\/div><\/div><div class=\"fusion-clearfix\"><\/div><\/div><\/div><div class=\"fusion-layout-column fusion_builder_column_inner fusion-builder-nested-column-2 fusion_builder_column_inner_1_2 1_2 fusion-one-half fusion-column-first\" style=\"--awb-bg-size:cover;width:50%;width:calc(50% - ( ( 4% ) * 0.5 ) );margin-right: 4%;\"><div class=\"fusion-column-wrapper fusion-column-has-shadow fusion-flex-column-wrapper-legacy\"><div class=\"fusion-text fusion-text-6\"><h3 style=\"text-align: center;\"><a href=\"https:\/\/es.wikiloc.com\/rutas-carrera-por-montana\/lanjaron-trail-kids-aguiluchos-95444452\">Trail kids Aguiluchos<\/a><\/h3>\n<\/div><div class=\"fusion-image-element fusion-image-align-center in-legacy-container\" style=\"text-align:center;--awb-max-width:150px;--awb-caption-title-font-family:var(--h2_typography-font-family);--awb-caption-title-font-weight:var(--h2_typography-font-weight);--awb-caption-title-font-style:var(--h2_typography-font-style);--awb-caption-title-size:var(--h2_typography-font-size);--awb-caption-title-transform:var(--h2_typography-text-transform);--awb-caption-title-line-height:var(--h2_typography-line-height);--awb-caption-title-letter-spacing:var(--h2_typography-letter-spacing);\"><div class=\"imageframe-align-center\"><span class=\" fusion-imageframe imageframe-none imageframe-3 hover-type-none\"><a class=\"fusion-no-lightbox\" href=\"https:\/\/es.wikiloc.com\/rutas-carrera-por-montana\/lanjaron-trail-kids-aguiluchos-95444452\" target=\"_self\" aria-label=\"wikiloc_logo\"><img decoding=\"async\" width=\"500\" height=\"109\" src=\"https:\/\/deporte.lanjaron.es\/trail\/wp-content\/uploads\/2024\/02\/wikiloc_logo.png\" alt class=\"img-responsive wp-image-1349\" srcset=\"https:\/\/deporte.lanjaron.es\/trail\/wp-content\/uploads\/2024\/02\/wikiloc_logo-200x44.png 200w, https:\/\/deporte.lanjaron.es\/trail\/wp-content\/uploads\/2024\/02\/wikiloc_logo-400x87.png 400w, https:\/\/deporte.lanjaron.es\/trail\/wp-content\/uploads\/2024\/02\/wikiloc_logo.png 500w\" sizes=\"(max-width: 1000px) 100vw, 500px\" \/><\/a><\/span><\/div><\/div><div class=\"fusion-clearfix\"><\/div><\/div><\/div><div class=\"fusion-layout-column fusion_builder_column_inner fusion-builder-nested-column-3 fusion_builder_column_inner_1_2 1_2 fusion-one-half fusion-column-last\" style=\"--awb-bg-size:cover;width:50%;width:calc(50% - ( ( 4% ) * 0.5 ) );\"><div class=\"fusion-column-wrapper fusion-column-has-shadow fusion-flex-column-wrapper-legacy\"><div class=\"fusion-text fusion-text-7\"><h3 style=\"text-align: center;\"><a href=\"https:\/\/es.wikiloc.com\/rutas-carrera-por-montana\/lanjaron-trail-kids-pre-benjamines-y-benjamines-95444700\">Trail kids Prebenjam\u00edn y Benjam\u00edn<\/a><\/h3>\n<\/div><div class=\"fusion-image-element fusion-image-align-center in-legacy-container\" style=\"text-align:center;--awb-max-width:150px;--awb-caption-title-font-family:var(--h2_typography-font-family);--awb-caption-title-font-weight:var(--h2_typography-font-weight);--awb-caption-title-font-style:var(--h2_typography-font-style);--awb-caption-title-size:var(--h2_typography-font-size);--awb-caption-title-transform:var(--h2_typography-text-transform);--awb-caption-title-line-height:var(--h2_typography-line-height);--awb-caption-title-letter-spacing:var(--h2_typography-letter-spacing);\"><div class=\"imageframe-align-center\"><span class=\" fusion-imageframe imageframe-none imageframe-4 hover-type-none\"><a class=\"fusion-no-lightbox\" href=\"https:\/\/es.wikiloc.com\/rutas-carrera-por-montana\/lanjaron-trail-kids-pre-benjamines-y-benjamines-95444700\" target=\"_self\" aria-label=\"wikiloc_logo\"><img decoding=\"async\" width=\"500\" height=\"109\" src=\"https:\/\/deporte.lanjaron.es\/trail\/wp-content\/uploads\/2024\/02\/wikiloc_logo.png\" alt class=\"img-responsive wp-image-1349\" srcset=\"https:\/\/deporte.lanjaron.es\/trail\/wp-content\/uploads\/2024\/02\/wikiloc_logo-200x44.png 200w, https:\/\/deporte.lanjaron.es\/trail\/wp-content\/uploads\/2024\/02\/wikiloc_logo-400x87.png 400w, https:\/\/deporte.lanjaron.es\/trail\/wp-content\/uploads\/2024\/02\/wikiloc_logo.png 500w\" sizes=\"(max-width: 1000px) 100vw, 500px\" \/><\/a><\/span><\/div><\/div><div class=\"fusion-clearfix\"><\/div><\/div><\/div><div class=\"fusion-layout-column fusion_builder_column_inner fusion-builder-nested-column-4 fusion_builder_column_inner_1_2 1_2 fusion-one-half fusion-column-first\" style=\"--awb-bg-size:cover;width:50%;width:calc(50% - ( ( 4% ) * 0.5 ) );margin-right: 4%;\"><div class=\"fusion-column-wrapper fusion-column-has-shadow fusion-flex-column-wrapper-legacy\"><div class=\"fusion-text fusion-text-8\"><h3 style=\"text-align: center;\"><a href=\"https:\/\/es.wikiloc.com\/rutas-carrera-por-montana\/lanjaron-canon-trail-kids-alevin-infantil-95445405\">Trail kids alev\u00edn e infantil<\/a><\/h3>\n<\/div><div class=\"fusion-image-element fusion-image-align-center in-legacy-container\" style=\"text-align:center;--awb-max-width:150px;--awb-caption-title-font-family:var(--h2_typography-font-family);--awb-caption-title-font-weight:var(--h2_typography-font-weight);--awb-caption-title-font-style:var(--h2_typography-font-style);--awb-caption-title-size:var(--h2_typography-font-size);--awb-caption-title-transform:var(--h2_typography-text-transform);--awb-caption-title-line-height:var(--h2_typography-line-height);--awb-caption-title-letter-spacing:var(--h2_typography-letter-spacing);\"><div class=\"imageframe-align-center\"><span class=\" fusion-imageframe imageframe-none imageframe-5 hover-type-none\"><a class=\"fusion-no-lightbox\" href=\"https:\/\/es.wikiloc.com\/rutas-carrera-por-montana\/lanjaron-canon-trail-kids-alevin-infantil-95445405\" target=\"_self\" aria-label=\"wikiloc_logo\"><img decoding=\"async\" width=\"500\" height=\"109\" src=\"https:\/\/deporte.lanjaron.es\/trail\/wp-content\/uploads\/2024\/02\/wikiloc_logo.png\" alt class=\"img-responsive wp-image-1349\" srcset=\"https:\/\/deporte.lanjaron.es\/trail\/wp-content\/uploads\/2024\/02\/wikiloc_logo-200x44.png 200w, https:\/\/deporte.lanjaron.es\/trail\/wp-content\/uploads\/2024\/02\/wikiloc_logo-400x87.png 400w, https:\/\/deporte.lanjaron.es\/trail\/wp-content\/uploads\/2024\/02\/wikiloc_logo.png 500w\" sizes=\"(max-width: 1000px) 100vw, 500px\" \/><\/a><\/span><\/div><\/div><div class=\"fusion-clearfix\"><\/div><\/div><\/div><\/div><\/div><\/div><div class=\"fusion-clearfix\"><\/div><\/div><\/div><div class=\"fusion-layout-column fusion_builder_column fusion-builder-column-2 fusion_builder_column_1_3 1_3 fusion-one-third fusion-column-last fusion-animated\" style=\"--awb-bg-position:right center;--awb-bg-size:cover;--awb-margin-top:0px;--awb-margin-bottom:0px;\" data-animationType=\"fadeInRight\" data-animationDuration=\"1.0\" data-animationOffset=\"top-into-view\"><div class=\"fusion-column-wrapper fusion-column-has-shadow fusion-flex-column-wrapper-legacy\"><div class=\"fusion-column-content-centered\"><div class=\"fusion-column-content\"><div class=\"fusion-image-element fusion-image-align-right in-legacy-container\" style=\"text-align:right;--awb-caption-title-font-family:var(--h2_typography-font-family);--awb-caption-title-font-weight:var(--h2_typography-font-weight);--awb-caption-title-font-style:var(--h2_typography-font-style);--awb-caption-title-size:var(--h2_typography-font-size);--awb-caption-title-transform:var(--h2_typography-text-transform);--awb-caption-title-line-height:var(--h2_typography-line-height);--awb-caption-title-letter-spacing:var(--h2_typography-letter-spacing);\"><span class=\" fusion-imageframe imageframe-none imageframe-6 hover-type-none\" style=\"margin-left:25px;float:right;\"><img decoding=\"async\" width=\"1000\" height=\"1413\" alt=\"Cartel VII Open MTB Puerta de la Alpujarra\" title=\"cartel-XI-Lanjaro\u0301n-Can\u0303o\u0301n-Trail-2026\" src=\"https:\/\/deporte.lanjaron.es\/trail\/wp-content\/uploads\/2026\/02\/cartel-XI-Lanjaron-Canon-Trail-2026.jpg\" class=\"img-responsive wp-image-1370\" srcset=\"https:\/\/deporte.lanjaron.es\/trail\/wp-content\/uploads\/2026\/02\/cartel-XI-Lanjaron-Canon-Trail-2026-200x283.jpg 200w, https:\/\/deporte.lanjaron.es\/trail\/wp-content\/uploads\/2026\/02\/cartel-XI-Lanjaron-Canon-Trail-2026-400x565.jpg 400w, https:\/\/deporte.lanjaron.es\/trail\/wp-content\/uploads\/2026\/02\/cartel-XI-Lanjaron-Canon-Trail-2026-600x848.jpg 600w, https:\/\/deporte.lanjaron.es\/trail\/wp-content\/uploads\/2026\/02\/cartel-XI-Lanjaron-Canon-Trail-2026-800x1130.jpg 800w, https:\/\/deporte.lanjaron.es\/trail\/wp-content\/uploads\/2026\/02\/cartel-XI-Lanjaron-Canon-Trail-2026.jpg 1000w\" sizes=\"(max-width: 1000px) 100vw, 400px\" \/><\/span><\/div><\/div><\/div><div class=\"fusion-clearfix\"><\/div><\/div><\/div><\/div><\/div><\/p>\n","protected":false},"excerpt":{"rendered":"","protected":false},"author":1,"featured_media":0,"parent":0,"menu_order":0,"comment_status":"closed","ping_status":"closed","template":"100-width.php","meta":{"footnotes":""},"class_list":["post-1272","page","type-page","status-publish","hentry"],"_links":{"self":[{"href":"https:\/\/deporte.lanjaron.es\/trail\/wp-json\/wp\/v2\/pages\/1272","targetHints":{"allow":["GET"]}}],"collection":[{"href":"https:\/\/deporte.lanjaron.es\/trail\/wp-json\/wp\/v2\/pages"}],"about":[{"href":"https:\/\/deporte.lanjaron.es\/trail\/wp-json\/wp\/v2\/types\/page"}],"author":[{"embeddable":true,"href":"https:\/\/deporte.lanjaron.es\/trail\/wp-json\/wp\/v2\/users\/1"}],"replies":[{"embeddable":true,"href":"https:\/\/deporte.lanjaron.es\/trail\/wp-json\/wp\/v2\/comments?post=1272"}],"version-history":[{"count":46,"href":"https:\/\/deporte.lanjaron.es\/trail\/wp-json\/wp\/v2\/pages\/1272\/revisions"}],"predecessor-version":[{"id":1374,"href":"https:\/\/deporte.lanjaron.es\/trail\/wp-json\/wp\/v2\/pages\/1272\/revisions\/1374"}],"wp:attachment":[{"href":"https:\/\/deporte.lanjaron.es\/trail\/wp-json\/wp\/v2\/media?parent=1272"}],"curies":[{"name":"wp","href":"https:\/\/api.w.org\/{rel}","templated":true}]}}