{"id":495,"date":"2021-06-21T17:03:38","date_gmt":"2021-06-21T17:03:38","guid":{"rendered":"https:\/\/deporte.lanjaron.es\/subida\/?page_id=495"},"modified":"2025-07-13T08:23:08","modified_gmt":"2025-07-13T08:23:08","slug":"informacion-previa","status":"publish","type":"page","link":"https:\/\/deporte.lanjaron.es\/subida\/informacion-previa\/","title":{"rendered":"INFO PREVIA Y DE CARRERA"},"content":{"rendered":"<p><div class=\"fusion-fullwidth fullwidth-box fusion-builder-row-1 fusion-flex-container has-pattern-background has-mask-background nonhundred-percent-fullwidth non-hundred-percent-height-scrolling\" style=\"background-color: rgba(255,255,255,0);background-position: center center;background-repeat: no-repeat;border-width: 0px 0px 0px 0px;border-color:#e2e2e2;border-style:solid;\" ><div class=\"fusion-builder-row fusion-row fusion-flex-align-items-flex-start\" style=\"max-width:1248px;margin-left: calc(-4% \/ 2 );margin-right: calc(-4% \/ 2 );\"><div class=\"fusion-layout-column fusion_builder_column fusion-builder-column-0 fusion_builder_column_1_4 1_4 fusion-flex-column\"><div class=\"fusion-column-wrapper fusion-flex-justify-content-flex-start fusion-content-layout-column\" style=\"background-position:left top;background-repeat:no-repeat;-webkit-background-size:cover;-moz-background-size:cover;-o-background-size:cover;background-size:cover;padding: 0px 0px 0px 0px;\"><div ><style>.fusion-body .fusion-button.button-1 .fusion-button-text,.fusion-body .fusion-button.button-1 i{color:#ffffff;}.fusion-body .fusion-button.button-1{border-color:#ffffff;border-radius:4px 4px 4px 4px;background:#25911f;}.fusion-body .fusion-button.button-1:hover .fusion-button-text,.fusion-body .fusion-button.button-1:hover i,.fusion-body .fusion-button.button-1:focus .fusion-button-text,.fusion-body .fusion-button.button-1:focus i,.fusion-body .fusion-button.button-1:active .fusion-button-text,.fusion-body .fusion-button.button-1:active i{color:#000000;}.fusion-body .fusion-button.button-1:hover,.fusion-body .fusion-button.button-1:active,.fusion-body .fusion-button.button-1:focus{border-color:#ffffff;background:#d1d1d1;}<\/style><a class=\"fusion-button button-flat fusion-button-default-size button-custom button-1 fusion-button-default-span fusion-button-default-type\" target=\"_self\" href=\"http:\/\/deporte.lanjaron.es\/subida\/wp-content\/uploads\/2025\/03\/REGLAMENTO-PARTICULAR-LANJARON-2025-v2.pdf\"><i class=\"fa-book-reader fas button-icon-left\" aria-hidden=\"true\"><\/i><span class=\"fusion-button-text\">Reglamento Particular aprobado por FAA<\/span><\/a><\/div><div ><style>.fusion-body .fusion-button.button-2 .fusion-button-text,.fusion-body .fusion-button.button-2 i{color:#ffffff;}.fusion-body .fusion-button.button-2{border-color:#ffffff;border-radius:4px 4px 4px 4px;background:#25911f;}.fusion-body .fusion-button.button-2:hover .fusion-button-text,.fusion-body .fusion-button.button-2:hover i,.fusion-body .fusion-button.button-2:focus .fusion-button-text,.fusion-body .fusion-button.button-2:focus i,.fusion-body .fusion-button.button-2:active .fusion-button-text,.fusion-body .fusion-button.button-2:active i{color:#000000;}.fusion-body .fusion-button.button-2:hover,.fusion-body .fusion-button.button-2:active,.fusion-body .fusion-button.button-2:focus{border-color:#ffffff;background:#d1d1d1;}<\/style><a class=\"fusion-button button-flat fusion-button-default-size button-custom button-2 fusion-button-default-span fusion-button-default-type\" target=\"_self\" href=\"http:\/\/deporte.lanjaron.es\/subida\/wp-content\/uploads\/2025\/03\/Permiso-de-organizacion-2025-web.pdf\"><i class=\"fa-book-reader fas button-icon-left\" aria-hidden=\"true\"><\/i><span class=\"fusion-button-text\">Permiso de organizaci\u00f3n XII Subida al Cerro de los Ca\u00f1ones &#8211; 11 a 13 de julio de 2025<\/span><\/a><\/div><\/div><style type=\"text\/css\">.fusion-body .fusion-builder-column-0{width:25% !important;margin-top : 0px;margin-bottom : 20px;}.fusion-builder-column-0 > .fusion-column-wrapper {padding-top : 0px !important;padding-right : 0px !important;margin-right : 7.68%;padding-bottom : 0px !important;padding-left : 0px !important;margin-left : 7.68%;}@media only screen and (max-width:1024px) {.fusion-body .fusion-builder-column-0{width:100% !important;order : 0;}.fusion-builder-column-0 > .fusion-column-wrapper {margin-right : 1.92%;margin-left : 1.92%;}}@media only screen and (max-width:640px) {.fusion-body .fusion-builder-column-0{width:100% !important;order : 0;}.fusion-builder-column-0 > .fusion-column-wrapper {margin-right : 1.92%;margin-left : 1.92%;}}<\/style><\/div><div class=\"fusion-layout-column fusion_builder_column fusion-builder-column-1 fusion_builder_column_1_4 1_4 fusion-flex-column\"><div class=\"fusion-column-wrapper fusion-flex-justify-content-flex-start fusion-content-layout-column\" style=\"background-position:left top;background-repeat:no-repeat;-webkit-background-size:cover;-moz-background-size:cover;-o-background-size:cover;background-size:cover;padding: 0px 0px 0px 0px;\"><div style=\"text-align:left;\"><style>.fusion-body .fusion-button.button-3{border-color:#ffffff;border-radius:4px 4px 4px 4px;background:#0c00f0;}.fusion-body .fusion-button.button-3 .fusion-button-text,.fusion-body .fusion-button.button-3 i,.fusion-body .fusion-button.button-3:hover .fusion-button-text,.fusion-body .fusion-button.button-3:hover i,.fusion-body .fusion-button.button-3:focus .fusion-button-text,.fusion-body .fusion-button.button-3:focus i,.fusion-body .fusion-button.button-3:active .fusion-button-text,.fusion-body .fusion-button.button-3:active i{color:#ffffff;}.fusion-body .fusion-button.button-3:hover,.fusion-body .fusion-button.button-3:active,.fusion-body .fusion-button.button-3:focus{border-color:#ffffff;background:#00b575;}<\/style><a class=\"fusion-button button-flat fusion-button-default-size button-custom button-3 fusion-button-default-span fusion-button-default-type\" target=\"_self\" href=\"http:\/\/deporte.lanjaron.es\/subida\/wp-content\/uploads\/2025\/06\/Complemento-1-Reg-Sport-Tablon-de-anuncios-y-RR.PP_.pdf\"><span class=\"fusion-button-text\">Complemento 1 : Tabl\u00f3n de anuncios, Regularidad Sport y Oficial Relaciones con los participantes <\/span><\/a><\/div><div ><style>.fusion-body .fusion-button.button-4{border-color:#ffffff;border-radius:4px 4px 4px 4px;background:#0090f7;}.fusion-body .fusion-button.button-4 .fusion-button-text,.fusion-body .fusion-button.button-4 i,.fusion-body .fusion-button.button-4:hover .fusion-button-text,.fusion-body .fusion-button.button-4:hover i,.fusion-body .fusion-button.button-4:focus .fusion-button-text,.fusion-body .fusion-button.button-4:focus i,.fusion-body .fusion-button.button-4:active .fusion-button-text,.fusion-body .fusion-button.button-4:active i{color:#ffffff;}.fusion-body .fusion-button.button-4:hover,.fusion-body .fusion-button.button-4:active,.fusion-body .fusion-button.button-4:focus{border-color:#ffffff;background:#1a3399;background-image:linear-gradient(180deg,#1a3399 0%,#0090f7 100%);}<\/style><a class=\"fusion-button button-flat fusion-button-default-size button-custom button-4 fusion-button-default-span fusion-button-default-type\" target=\"_self\" href=\"http:\/\/deporte.lanjaron.es\/subida\/wp-content\/uploads\/2025\/06\/Complemento-2-Limite-de-inscripciones.pdf\"><span class=\"fusion-button-text\">Complemento 2 &#8211; Ampliaci\u00f3n de l\u00edmite de inscripci\u00f3n <\/span><\/a><\/div><div style=\"text-align:left;\"><style>.fusion-body .fusion-button.button-5{border-color:#ffffff;border-radius:4px 4px 4px 4px;background:#0c00f0;}.fusion-body .fusion-button.button-5 .fusion-button-text,.fusion-body .fusion-button.button-5 i,.fusion-body .fusion-button.button-5:hover .fusion-button-text,.fusion-body .fusion-button.button-5:hover i,.fusion-body .fusion-button.button-5:focus .fusion-button-text,.fusion-body .fusion-button.button-5:focus i,.fusion-body .fusion-button.button-5:active .fusion-button-text,.fusion-body .fusion-button.button-5:active i{color:#ffffff;}.fusion-body .fusion-button.button-5:hover,.fusion-body .fusion-button.button-5:active,.fusion-body .fusion-button.button-5:focus{border-color:#ffffff;background:#00b575;}<\/style><a class=\"fusion-button button-flat fusion-button-default-size button-custom button-5 fusion-button-default-span fusion-button-default-type\" target=\"_self\" href=\"http:\/\/deporte.lanjaron.es\/subida\/wp-content\/uploads\/2025\/07\/Complemento-3-Publicidad-obligatoria-y-Cuadro-de-oficiales.pdf\"><span class=\"fusion-button-text\">Complemento 3 : Publicidad obligatoria y Cuadro de oficiales<\/span><\/a><\/div><div ><style>.fusion-body .fusion-button.button-6{border-color:#ffffff;border-radius:4px 4px 4px 4px;background:#0090f7;}.fusion-body .fusion-button.button-6 .fusion-button-text,.fusion-body .fusion-button.button-6 i,.fusion-body .fusion-button.button-6:hover .fusion-button-text,.fusion-body .fusion-button.button-6:hover i,.fusion-body .fusion-button.button-6:focus .fusion-button-text,.fusion-body .fusion-button.button-6:focus i,.fusion-body .fusion-button.button-6:active .fusion-button-text,.fusion-body .fusion-button.button-6:active i{color:#ffffff;}.fusion-body .fusion-button.button-6:hover,.fusion-body .fusion-button.button-6:active,.fusion-body .fusion-button.button-6:focus{border-color:#ffffff;background:#1a3399;background-image:linear-gradient(180deg,#1a3399 0%,#0090f7 100%);}<\/style><a class=\"fusion-button button-flat fusion-button-default-size button-custom button-6 fusion-button-default-span fusion-button-default-type\" target=\"_self\" href=\"http:\/\/deporte.lanjaron.es\/subida\/wp-content\/uploads\/2025\/07\/2.3-Complemento-4-Conv-ind.pdf\"><span class=\"fusion-button-text\">Complemento 4 Convocatoria de verificaciones y Cuadro de oficiales<\/span><\/a><\/div><div style=\"text-align:left;\"><style>.fusion-body .fusion-button.button-7{border-color:#ffffff;border-radius:4px 4px 4px 4px;background:#0c00f0;}.fusion-body .fusion-button.button-7 .fusion-button-text,.fusion-body .fusion-button.button-7 i,.fusion-body .fusion-button.button-7:hover .fusion-button-text,.fusion-body .fusion-button.button-7:hover i,.fusion-body .fusion-button.button-7:focus .fusion-button-text,.fusion-body .fusion-button.button-7:focus i,.fusion-body .fusion-button.button-7:active .fusion-button-text,.fusion-body .fusion-button.button-7:active i{color:#ffffff;}.fusion-body .fusion-button.button-7:hover,.fusion-body .fusion-button.button-7:active,.fusion-body .fusion-button.button-7:focus{border-color:#ffffff;background:#00b575;}<\/style><a class=\"fusion-button button-flat fusion-button-default-size button-custom button-7 fusion-button-default-span fusion-button-default-type\" target=\"_self\" href=\"http:\/\/deporte.lanjaron.es\/subida\/wp-content\/uploads\/2025\/07\/2.4-Autorizacion-caravana.pdf\"><span class=\"fusion-button-text\">Autorizaci\u00f3n excepciones caravana de seguridad<\/span><\/a><\/div><div ><style>.fusion-body .fusion-button.button-8{border-color:#ffffff;border-radius:4px 4px 4px 4px;background:#0090f7;}.fusion-body .fusion-button.button-8 .fusion-button-text,.fusion-body .fusion-button.button-8 i,.fusion-body .fusion-button.button-8:hover .fusion-button-text,.fusion-body .fusion-button.button-8:hover i,.fusion-body .fusion-button.button-8:focus .fusion-button-text,.fusion-body .fusion-button.button-8:focus i,.fusion-body .fusion-button.button-8:active .fusion-button-text,.fusion-body .fusion-button.button-8:active i{color:#ffffff;}.fusion-body .fusion-button.button-8:hover,.fusion-body .fusion-button.button-8:active,.fusion-body .fusion-button.button-8:focus{border-color:#ffffff;background:#1a3399;background-image:linear-gradient(180deg,#1a3399 0%,#0090f7 100%);}<\/style><a class=\"fusion-button button-flat fusion-button-default-size button-custom button-8 fusion-button-default-span fusion-button-default-type\" target=\"_self\" href=\"http:\/\/deporte.lanjaron.es\/subida\/wp-content\/uploads\/2025\/07\/2.5-Autorizados.pdf\"><span class=\"fusion-button-text\">Lista de autorizados<\/span><\/a><\/div><div style=\"text-align:left;\"><style>.fusion-body .fusion-button.button-9{border-color:#ffffff;border-radius:4px 4px 4px 4px;background:#0c00f0;}.fusion-body .fusion-button.button-9 .fusion-button-text,.fusion-body .fusion-button.button-9 i,.fusion-body .fusion-button.button-9:hover .fusion-button-text,.fusion-body .fusion-button.button-9:hover i,.fusion-body .fusion-button.button-9:focus .fusion-button-text,.fusion-body .fusion-button.button-9:focus i,.fusion-body .fusion-button.button-9:active .fusion-button-text,.fusion-body .fusion-button.button-9:active i{color:#ffffff;}.fusion-body .fusion-button.button-9:hover,.fusion-body .fusion-button.button-9:active,.fusion-body .fusion-button.button-9:focus{border-color:#ffffff;background:#00b575;}<\/style><a class=\"fusion-button button-flat fusion-button-default-size button-custom button-9 fusion-button-default-span fusion-button-default-type\" target=\"_self\" href=\"http:\/\/deporte.lanjaron.es\/subida\/wp-content\/uploads\/2025\/07\/2.6-Cambios-de-grupo.pdf\"><span class=\"fusion-button-text\">Decisi\u00f3n cambio de agrupaci\u00f3n Pf<\/span><\/a><\/div><div ><style>.fusion-body .fusion-button.button-10{border-color:#ffffff;border-radius:4px 4px 4px 4px;background:#0090f7;}.fusion-body .fusion-button.button-10 .fusion-button-text,.fusion-body .fusion-button.button-10 i,.fusion-body .fusion-button.button-10:hover .fusion-button-text,.fusion-body .fusion-button.button-10:hover i,.fusion-body .fusion-button.button-10:focus .fusion-button-text,.fusion-body .fusion-button.button-10:focus i,.fusion-body .fusion-button.button-10:active .fusion-button-text,.fusion-body .fusion-button.button-10:active i{color:#ffffff;}.fusion-body .fusion-button.button-10:hover,.fusion-body .fusion-button.button-10:active,.fusion-body .fusion-button.button-10:focus{border-color:#ffffff;background:#1a3399;background-image:linear-gradient(180deg,#1a3399 0%,#0090f7 100%);}<\/style><a class=\"fusion-button button-flat fusion-button-default-size button-custom button-10 fusion-button-default-span fusion-button-default-type\" target=\"_self\" href=\"http:\/\/deporte.lanjaron.es\/subida\/wp-content\/uploads\/2025\/07\/2.9-Apertura-de-parque.pdf\"><span class=\"fusion-button-text\">Apertura de parque cerrado por jornada de s\u00e1bado<\/span><\/a><\/div><div style=\"text-align:left;\"><style>.fusion-body .fusion-button.button-11{border-color:#ffffff;border-radius:4px 4px 4px 4px;background:#0c00f0;}.fusion-body .fusion-button.button-11 .fusion-button-text,.fusion-body .fusion-button.button-11 i,.fusion-body .fusion-button.button-11:hover .fusion-button-text,.fusion-body .fusion-button.button-11:hover i,.fusion-body .fusion-button.button-11:focus .fusion-button-text,.fusion-body .fusion-button.button-11:focus i,.fusion-body .fusion-button.button-11:active .fusion-button-text,.fusion-body .fusion-button.button-11:active i{color:#ffffff;}.fusion-body .fusion-button.button-11:hover,.fusion-body .fusion-button.button-11:active,.fusion-body .fusion-button.button-11:focus{border-color:#ffffff;background:#00b575;}<\/style><a class=\"fusion-button button-flat fusion-button-default-size button-custom button-11 fusion-button-default-span fusion-button-default-type\" target=\"_self\" href=\"http:\/\/deporte.lanjaron.es\/subida\/wp-content\/uploads\/2025\/07\/2.10-Autorizados-domingo.pdf\"><span class=\"fusion-button-text\">Lista de autorizados para jornada de domingo<\/span><\/a><\/div><div ><style>.fusion-body .fusion-button.button-12{border-color:#ffffff;border-radius:4px 4px 4px 4px;background:#0090f7;}.fusion-body .fusion-button.button-12 .fusion-button-text,.fusion-body .fusion-button.button-12 i,.fusion-body .fusion-button.button-12:hover .fusion-button-text,.fusion-body .fusion-button.button-12:hover i,.fusion-body .fusion-button.button-12:focus .fusion-button-text,.fusion-body .fusion-button.button-12:focus i,.fusion-body .fusion-button.button-12:active .fusion-button-text,.fusion-body .fusion-button.button-12:active i{color:#ffffff;}.fusion-body .fusion-button.button-12:hover,.fusion-body .fusion-button.button-12:active,.fusion-body .fusion-button.button-12:focus{border-color:#ffffff;background:#1a3399;background-image:linear-gradient(180deg,#1a3399 0%,#0090f7 100%);}<\/style><a class=\"fusion-button button-flat fusion-button-default-size button-custom button-12 fusion-button-default-span fusion-button-default-type\" target=\"_self\" href=\"http:\/\/deporte.lanjaron.es\/subida\/wp-content\/uploads\/2025\/07\/2.11-Autorizacion-equipo-7.pdf\"><span class=\"fusion-button-text\">Autorizaci\u00f3n equipo 7<\/span><\/a><\/div><\/div><style type=\"text\/css\">.fusion-body .fusion-builder-column-1{width:25% !important;margin-top : 0px;margin-bottom : 20px;}.fusion-builder-column-1 > .fusion-column-wrapper {padding-top : 0px !important;padding-right : 0px !important;margin-right : 7.68%;padding-bottom : 0px !important;padding-left : 0px !important;margin-left : 7.68%;}@media only screen and (max-width:1024px) {.fusion-body .fusion-builder-column-1{width:100% !important;order : 0;}.fusion-builder-column-1 > .fusion-column-wrapper {margin-right : 1.92%;margin-left : 1.92%;}}@media only screen and (max-width:640px) {.fusion-body .fusion-builder-column-1{width:100% !important;order : 0;}.fusion-builder-column-1 > .fusion-column-wrapper {margin-right : 1.92%;margin-left : 1.92%;}}<\/style><\/div><div class=\"fusion-layout-column fusion_builder_column fusion-builder-column-2 fusion_builder_column_1_4 1_4 fusion-flex-column\"><div class=\"fusion-column-wrapper fusion-flex-justify-content-flex-start fusion-content-layout-column\" style=\"background-position:left top;background-repeat:no-repeat;-webkit-background-size:cover;-moz-background-size:cover;-o-background-size:cover;background-size:cover;padding: 0px 0px 0px 0px;\"><div ><style>.fusion-body .fusion-button.button-13{border-radius:4px 4px 4px 4px;}<\/style><a class=\"fusion-button button-flat fusion-button-default-size button-default button-13 fusion-button-default-span fusion-button-default-type\" target=\"_self\" href=\"http:\/\/deporte.lanjaron.es\/subida\/wp-content\/uploads\/2025\/07\/LISTA-OFICIAL-INSCRITOS-LANJARON-25.pdf\"><span class=\"fusion-button-text\">Lista oficial de inscritos<\/span><\/a><\/div><\/div><style type=\"text\/css\">.fusion-body .fusion-builder-column-2{width:25% !important;margin-top : 0px;margin-bottom : 20px;}.fusion-builder-column-2 > .fusion-column-wrapper {padding-top : 0px !important;padding-right : 0px !important;margin-right : 7.68%;padding-bottom : 0px !important;padding-left : 0px !important;margin-left : 7.68%;}@media only screen and (max-width:1024px) {.fusion-body .fusion-builder-column-2{width:100% !important;order : 0;}.fusion-builder-column-2 > .fusion-column-wrapper {margin-right : 1.92%;margin-left : 1.92%;}}@media only screen and (max-width:640px) {.fusion-body .fusion-builder-column-2{width:100% !important;order : 0;}.fusion-builder-column-2 > .fusion-column-wrapper {margin-right : 1.92%;margin-left : 1.92%;}}<\/style><\/div><div class=\"fusion-layout-column fusion_builder_column fusion-builder-column-3 fusion_builder_column_1_4 1_4 fusion-flex-column\"><div class=\"fusion-column-wrapper fusion-flex-justify-content-flex-start fusion-content-layout-column\" style=\"background-position:left top;background-repeat:no-repeat;-webkit-background-size:cover;-moz-background-size:cover;-o-background-size:cover;background-size:cover;padding: 0px 0px 0px 0px;\"><div ><style>.fusion-body .fusion-button.button-14 .fusion-button-text,.fusion-body .fusion-button.button-14 i{color:#ffffff;}.fusion-body .fusion-button.button-14{border-color:#ffffff;border-radius:4px 4px 4px 4px;background:#4f38ff;}.fusion-body .fusion-button.button-14:hover .fusion-button-text,.fusion-body .fusion-button.button-14:hover i,.fusion-body .fusion-button.button-14:focus .fusion-button-text,.fusion-body .fusion-button.button-14:focus i,.fusion-body .fusion-button.button-14:active .fusion-button-text,.fusion-body .fusion-button.button-14:active i{color:#000000;}.fusion-body .fusion-button.button-14:hover,.fusion-body .fusion-button.button-14:active,.fusion-body .fusion-button.button-14:focus{border-color:#ffffff;background:#36f9f6;}<\/style><a class=\"fusion-button button-flat fusion-button-default-size button-custom button-14 fusion-button-default-span fusion-button-default-type\" target=\"_self\" href=\"http:\/\/deporte.lanjaron.es\/subida\/wp-content\/uploads\/2025\/07\/Comunicado-1-v2.pdf\"><i class=\"fa-rss fas button-icon-left\" aria-hidden=\"true\"><\/i><span class=\"fusion-button-text\">Comunicado n\u00ba 1 del organizador: Ceremonia de salida, Caravana a parque de asistencia, Parcelas en parque de asistencia<\/span><\/a><\/div><\/div><style type=\"text\/css\">.fusion-body .fusion-builder-column-3{width:25% !important;margin-top : 0px;margin-bottom : 20px;}.fusion-builder-column-3 > .fusion-column-wrapper {padding-top : 0px !important;padding-right : 0px !important;margin-right : 7.68%;padding-bottom : 0px !important;padding-left : 0px !important;margin-left : 7.68%;}@media only screen and (max-width:1024px) {.fusion-body .fusion-builder-column-3{width:100% !important;order : 0;}.fusion-builder-column-3 > .fusion-column-wrapper {margin-right : 1.92%;margin-left : 1.92%;}}@media only screen and (max-width:640px) {.fusion-body .fusion-builder-column-3{width:100% !important;order : 0;}.fusion-builder-column-3 > .fusion-column-wrapper {margin-right : 1.92%;margin-left : 1.92%;}}<\/style><\/div><\/div><style type=\"text\/css\">.fusion-body .fusion-flex-container.fusion-builder-row-1{ padding-top : 0px;margin-top : 0px;padding-right : 0px;padding-bottom : 0px;margin-bottom : 0px;padding-left : 0px;}<\/style><\/div><div class=\"fusion-fullwidth fullwidth-box fusion-builder-row-2 fusion-flex-container has-pattern-background has-mask-background nonhundred-percent-fullwidth non-hundred-percent-height-scrolling\" style=\"background-color: rgba(255,255,255,0);background-position: center center;background-repeat: no-repeat;border-width: 0px 0px 0px 0px;border-color:#e2e2e2;border-style:solid;\" ><div class=\"fusion-builder-row fusion-row fusion-flex-align-items-flex-start\" style=\"max-width:1248px;margin-left: calc(-4% \/ 2 );margin-right: calc(-4% \/ 2 );\"><div class=\"fusion-layout-column fusion_builder_column fusion-builder-column-4 fusion_builder_column_1_4 1_4 fusion-flex-column\"><div class=\"fusion-column-wrapper fusion-flex-justify-content-flex-start fusion-content-layout-column\" style=\"background-position:left top;background-repeat:no-repeat;-webkit-background-size:cover;-moz-background-size:cover;-o-background-size:cover;background-size:cover;padding: 0px 0px 0px 0px;\"><\/div><style type=\"text\/css\">.fusion-body .fusion-builder-column-4{width:25% !important;margin-top : 0px;margin-bottom : 20px;}.fusion-builder-column-4 > .fusion-column-wrapper {padding-top : 0px !important;padding-right : 0px !important;margin-right : 7.68%;padding-bottom : 0px !important;padding-left : 0px !important;margin-left : 7.68%;}@media only screen and (max-width:1024px) {.fusion-body .fusion-builder-column-4{width:100% !important;order : 0;}.fusion-builder-column-4 > .fusion-column-wrapper {margin-right : 1.92%;margin-left : 1.92%;}}@media only screen and (max-width:640px) {.fusion-body .fusion-builder-column-4{width:100% !important;order : 0;}.fusion-builder-column-4 > .fusion-column-wrapper {margin-right : 1.92%;margin-left : 1.92%;}}<\/style><\/div><div class=\"fusion-layout-column fusion_builder_column fusion-builder-column-5 fusion_builder_column_1_4 1_4 fusion-flex-column\"><div class=\"fusion-column-wrapper fusion-flex-justify-content-flex-start fusion-content-layout-column\" style=\"background-position:left top;background-repeat:no-repeat;-webkit-background-size:cover;-moz-background-size:cover;-o-background-size:cover;background-size:cover;padding: 0px 0px 0px 0px;\"><\/div><style type=\"text\/css\">.fusion-body .fusion-builder-column-5{width:25% !important;margin-top : 0px;margin-bottom : 20px;}.fusion-builder-column-5 > .fusion-column-wrapper {padding-top : 0px !important;padding-right : 0px !important;margin-right : 7.68%;padding-bottom : 0px !important;padding-left : 0px !important;margin-left : 7.68%;}@media only screen and (max-width:1024px) {.fusion-body .fusion-builder-column-5{width:100% !important;order : 0;}.fusion-builder-column-5 > .fusion-column-wrapper {margin-right : 1.92%;margin-left : 1.92%;}}@media only screen and (max-width:640px) {.fusion-body .fusion-builder-column-5{width:100% !important;order : 0;}.fusion-builder-column-5 > .fusion-column-wrapper {margin-right : 1.92%;margin-left : 1.92%;}}<\/style><\/div><\/div><style type=\"text\/css\">.fusion-body .fusion-flex-container.fusion-builder-row-2{ padding-top : 0px;margin-top : 0px;padding-right : 0px;padding-bottom : 0px;margin-bottom : 0px;padding-left : 0px;}<\/style><\/div><\/p>\n","protected":false},"excerpt":{"rendered":"","protected":false},"author":1,"featured_media":0,"parent":0,"menu_order":0,"comment_status":"closed","ping_status":"closed","template":"","meta":{"footnotes":""},"class_list":["post-495","page","type-page","status-publish","hentry"],"_links":{"self":[{"href":"https:\/\/deporte.lanjaron.es\/subida\/wp-json\/wp\/v2\/pages\/495","targetHints":{"allow":["GET"]}}],"collection":[{"href":"https:\/\/deporte.lanjaron.es\/subida\/wp-json\/wp\/v2\/pages"}],"about":[{"href":"https:\/\/deporte.lanjaron.es\/subida\/wp-json\/wp\/v2\/types\/page"}],"author":[{"embeddable":true,"href":"https:\/\/deporte.lanjaron.es\/subida\/wp-json\/wp\/v2\/users\/1"}],"replies":[{"embeddable":true,"href":"https:\/\/deporte.lanjaron.es\/subida\/wp-json\/wp\/v2\/comments?post=495"}],"version-history":[{"count":191,"href":"https:\/\/deporte.lanjaron.es\/subida\/wp-json\/wp\/v2\/pages\/495\/revisions"}],"predecessor-version":[{"id":1344,"href":"https:\/\/deporte.lanjaron.es\/subida\/wp-json\/wp\/v2\/pages\/495\/revisions\/1344"}],"wp:attachment":[{"href":"https:\/\/deporte.lanjaron.es\/subida\/wp-json\/wp\/v2\/media?parent=495"}],"curies":[{"name":"wp","href":"https:\/\/api.w.org\/{rel}","templated":true}]}}