{"id":98,"date":"2018-06-29T16:57:23","date_gmt":"2018-06-29T16:57:23","guid":{"rendered":"http:\/\/deporte.lanjaron.es\/magna\/?page_id=98"},"modified":"2019-07-23T22:07:35","modified_gmt":"2019-07-23T22:07:35","slug":"programa","status":"publish","type":"page","link":"https:\/\/deporte.lanjaron.es\/magna\/programa\/","title":{"rendered":"SERVICIOS"},"content":{"rendered":"<p>[et_pb_section fb_built=\u00bb1&#8243; admin_label=\u00bbFinancing\u00bb _builder_version=\u00bb3.0.92&#8243; use_background_color_gradient=\u00bbon\u00bb background_color_gradient_start=\u00bbrgba(27,31,37,0.3)\u00bb background_color_gradient_end=\u00bb#1b1f25&#8243; background_color_gradient_overlays_image=\u00bbon\u00bb background_image=\u00bbhttp:\/\/deporte.lanjaron.es\/magna\/wp-content\/uploads\/2018\/07\/alpujarramagna.jpg\u00bb background_size=\u00bbcontain\u00bb custom_padding=\u00bb250px||0px||false|false\u00bb][et_pb_row custom_padding=\u00bb0|0px|0px|0px|false|false\u00bb _builder_version=\u00bb3.6&#8243; mix_blend_mode=\u00bboverlay\u00bb animation_style=\u00bbzoom\u00bb animation_intensity_zoom=\u00bb20%\u00bb][et_pb_column type=\u00bb4_4&#8243; _builder_version=\u00bb3.0.47&#8243;][et_pb_text _builder_version=\u00bb3.6&#8243; text_font=\u00bbTeko|500||on|||||\u00bb text_font_size=\u00bb500px\u00bb text_font_size_tablet=\u00bb300px\u00bb text_font_size_phone=\u00bb230px\u00bb text_font_size_last_edited=\u00bbon|phone\u00bb text_line_height=\u00bb0.5em\u00bb header_font=\u00bb||||||||\u00bb text_orientation=\u00bbcenter\u00bb background_layout=\u00bbdark\u00bb custom_margin=\u00bb||-60px|\u00bb filter_blur=\u00bb4px\u00bb]gf<br \/>\n[\/et_pb_text][\/et_pb_column][\/et_pb_row][et_pb_row make_fullwidth=\u00bbon\u00bb custom_padding=\u00bb0|0px|0px|0px|false|false\u00bb custom_margin=\u00bb|||\u00bb _builder_version=\u00bb3.6&#8243;][et_pb_column type=\u00bb4_4&#8243; _builder_version=\u00bb3.0.47&#8243;][et_pb_text _builder_version=\u00bb3.6&#8243; text_font=\u00bb||||||||\u00bb header_font=\u00bb||||||||\u00bb header_line_height=\u00bb0.7em\u00bb header_line_height_phone=\u00bb1.2em\u00bb header_line_height_last_edited=\u00bbon|phone\u00bb header_2_font=\u00bbTeko|500||on|||||\u00bb header_2_text_color=\u00bb#ffffff\u00bb header_2_font_size=\u00bb9vw\u00bb header_2_line_height=\u00bb1.2em\u00bb text_orientation=\u00bbcenter\u00bb animation_style=\u00bbzoom\u00bb animation_delay=\u00bb100ms\u00bb animation_intensity_zoom=\u00bb20%\u00bb]<\/p>\n<h2>servicios<\/h2>\n<p>[\/et_pb_text][\/et_pb_column][\/et_pb_row][\/et_pb_section][et_pb_section fb_built=\u00bb1&#8243; inner_shadow=\u00bbon\u00bb admin_label=\u00bbServices\u00bb _builder_version=\u00bb3.20.2&#8243; background_color=\u00bbrgba(255,255,255,0.98)\u00bb use_background_color_gradient=\u00bbon\u00bb background_color_gradient_start=\u00bbrgba(0,8,33,0.78)\u00bb background_color_gradient_end=\u00bbrgba(255,255,255,0.47)\u00bb background_color_gradient_direction=\u00bb103deg\u00bb background_color_gradient_start_position=\u00bb70%\u00bb background_color_gradient_end_position=\u00bb68%\u00bb background_color_gradient_overlays_image=\u00bbon\u00bb background_image=\u00bbhttp:\/\/deporte.lanjaron.es\/magna\/wp-content\/uploads\/2018\/09\/38878204_2046123882074080_8220530785652834304_n.jpg\u00bb background_position=\u00bbcenter_right\u00bb custom_padding=\u00bb|0px|0|0px|false|false\u00bb][et_pb_row _builder_version=\u00bb3.0.92&#8243;][et_pb_column type=\u00bb1_4&#8243; _builder_version=\u00bb3.0.92&#8243;][et_pb_blurb title=\u00bbCRONOMETRAJE\u00bb use_icon=\u00bbon\u00bb font_icon=\u00bb%%167%%\u00bb _builder_version=\u00bb3.0.92&#8243; header_font=\u00bb||||||||\u00bb header_text_align=\u00bbcenter\u00bb header_text_color=\u00bb#ffffff\u00bb]<\/p>\n<p style=\"text-align: center;\"><span style=\"color: #ffffff;\"><strong>Por Cruzando la meta.<\/strong><\/span><\/p>\n<p style=\"text-align: center;\"><span style=\"color: #ffffff;\"><strong>Los participantes obtendr\u00e1n:<\/strong><\/span><\/p>\n<p style=\"text-align: center;\"><span style=\"color: #ffffff;\">Tiempo Oficial.\u00a0 Ritmo Oficial.<\/span><\/p>\n<p style=\"text-align: center;\"><span style=\"color: #ffffff;\">Tiempo Neto. Ritmo Neto.<\/span><\/p>\n<p style=\"text-align: center;\"><span style=\"color: #ffffff;\">Tiempos parciales.<\/span><\/p>\n<p style=\"text-align: center;\"><span style=\"color: #ffffff;\">Estad\u00edsticas de la carrera.<\/span><\/p>\n<p style=\"text-align: center;\"><span style=\"color: #ffffff; font-size: 14px;\">Diploma Finisher.<\/span><\/p>\n<p>[\/et_pb_blurb][et_pb_blurb title=\u00bbABANDONOS\u00bb use_icon=\u00bbon\u00bb font_icon=\u00bb%%81%%\u00bb _builder_version=\u00bb3.0.92&#8243; header_font=\u00bb||||||||\u00bb header_text_align=\u00bbcenter\u00bb header_text_color=\u00bb#ffffff\u00bb background_layout=\u00bbdark\u00bb]<\/p>\n<p style=\"text-align: center;\">La organizaci\u00f3n dispondr\u00e1, de\u00a0tres veh\u00edculos escoba.\u00a0Todo participante que sea rebasado por el veh\u00edculo escoba de \u201cFin de Prueba\u201d<br \/>\nse considera fuera de la misma,<br \/>\no bien en los puntos especificados en rut\u00f3metro como cierre de control.<\/p>\n<p>[\/et_pb_blurb][\/et_pb_column][et_pb_column type=\u00bb1_4&#8243; _builder_version=\u00bb3.0.92&#8243;][et_pb_blurb title=\u00bbASISTENCIA MEC\u00c1NICA\u00bb use_icon=\u00bbon\u00bb font_icon=\u00bb%%173%%\u00bb _builder_version=\u00bb3.0.92&#8243; header_font=\u00bb||||||||\u00bb header_text_align=\u00bbcenter\u00bb header_text_color=\u00bb#ffffff\u00bb body_font=\u00bb||||||||\u00bb body_text_color=\u00bb#ffffff\u00bb background_layout=\u00bbdark\u00bb]<\/p>\n<p style=\"text-align: center;\"><span style=\"color: #ffffff;\">La organizaci\u00f3n dispondr\u00e1 de dos veh\u00edculos de asistencia mec\u00e1nica a lo largo de la prueba. S\u00f3lo se tendr\u00e1n en cuenta las reparaciones que se puedan solucionar en ruta, excepto los pinchazos. \u00a0La asistencia mec\u00e1nica de la organizaci\u00f3n es un servicio de cortes\u00eda.<\/span><\/p>\n<p>[\/et_pb_blurb][et_pb_blurb title=\u00bbDUCHAS Y LAVADO DE BICIS\u00bb use_icon=\u00bbon\u00bb font_icon=\u00bb%%138%%\u00bb _builder_version=\u00bb3.0.92&#8243; header_font=\u00bb||||||||\u00bb header_text_align=\u00bbcenter\u00bb header_text_color=\u00bb#ffffff\u00bb body_font=\u00bb||||||||\u00bb body_text_color=\u00bb#ffffff\u00bb background_layout=\u00bbdark\u00bb]<\/p>\n<p style=\"text-align: center;\">Una vez en meta la organizaci\u00f3n habilitar\u00e1 una zona de lavado donde podr\u00e1s limpiar tu bicicleta. Y<span style=\"font-size: 14px;\">\u00a0tambi\u00e9n se habilitar\u00e1 una zona de duchas para todos los participantes. Las mismas estar\u00e1n situadas a 100 metros de la zona de salida y meta (subir la cuesta de Correos frente a la Plaza, y a la derecha, en el recinto del Colegio P\u00fablico Lucena Rivas)<\/span><\/p>\n<p>[\/et_pb_blurb][\/et_pb_column][et_pb_column type=\u00bb1_4&#8243; _builder_version=\u00bb3.0.92&#8243;][et_pb_blurb title=\u00bbASISTENCIA SANITARIA\u00bb use_icon=\u00bbon\u00bb font_icon=\u00bb%%253%%\u00bb _builder_version=\u00bb3.0.92&#8243; header_font=\u00bb||||||||\u00bb header_text_align=\u00bbcenter\u00bb header_text_color=\u00bb#ffffff\u00bb body_font=\u00bb||||||||\u00bb]<\/p>\n<p style=\"text-align: center;\"><span style=\"color: #ffffff;\">La organizaci\u00f3n dispondr\u00e1, durante el desarrollo de la prueba de tres<\/span><br \/><span style=\"color: #ffffff;\"> ambulancias con m\u00e9dicos, en puntos estrat\u00e9gicos del recorrido y un PMA (Punto<\/span><br \/><span style=\"color: #ffffff;\"> M\u00e9dico Avanzado) en la l\u00ednea de llegada<\/span><\/p>\n<p>[\/et_pb_blurb][et_pb_blurb title=\u00bbAVITUALLAMIENTOS\u00bb use_icon=\u00bbon\u00bb font_icon=\u00bb%%277%%\u00bb _builder_version=\u00bb3.0.92&#8243; body_font=\u00bb||||||||\u00bb body_line_height=\u00bb1.4em\u00bb background_layout=\u00bbdark\u00bb]<\/p>\n<p>&nbsp;<\/p>\n<ul>\n<li>Trev\u00e9lez (Km 44) \u2013 S\u00f3lido y L\u00edquido\u00a0<\/li>\n<li>Lobras (Km 86) \u2013 S\u00f3lido y L\u00edquido\u00a0<\/li>\n<li>Torvizc\u00f3n (Km 110) \u2013 S\u00f3lido y L\u00edquido .<\/li>\n<\/ul>\n<p><strong>*ESPECIAL CELIACOS.<\/strong><\/p>\n<p>[\/et_pb_blurb][\/et_pb_column][et_pb_column type=\u00bb1_4&#8243; _builder_version=\u00bb3.0.92&#8243;][et_pb_blurb title=\u00bbZONA WIFI\u00bb use_icon=\u00bbon\u00bb font_icon=\u00bb%%302%%\u00bb _builder_version=\u00bb3.0.92&#8243; header_font=\u00bb||||||||\u00bb header_text_align=\u00bbcenter\u00bb header_text_color=\u00bb#ffffff\u00bb]<\/p>\n<p style=\"text-align: center;\">\n<p style=\"text-align: center;\"><span style=\"color: #fcfcfc;\">Si durante la carrera pinchas en el enlace de la imagen (web de cruzandolameta), podr\u00e1s seguir los tiempos de paso de los corredores por los puntos intermedios.<\/span><\/p>\n<p>[\/et_pb_blurb][\/et_pb_column][\/et_pb_row][\/et_pb_section][et_pb_section fb_built=\u00bb1&#8243; _builder_version=\u00bb3.20.2&#8243; use_background_color_gradient=\u00bbon\u00bb background_color_gradient_start=\u00bbrgba(7,115,127,0.17)\u00bb background_color_gradient_end=\u00bb#ffffff\u00bb background_color_gradient_direction=\u00bb1deg\u00bb background_color_gradient_start_position=\u00bb49%\u00bb background_color_gradient_overlays_image=\u00bbon\u00bb background_image=\u00bbhttp:\/\/deporte.lanjaron.es\/magna\/wp-content\/uploads\/2019\/07\/Perfil-con-mapa.jpg\u00bb background_repeat=\u00bbrepeat-x\u00bb background_blend=\u00bbdifference\u00bb][et_pb_row _builder_version=\u00bb3.0.92&#8243;][et_pb_column type=\u00bb2_3&#8243; _builder_version=\u00bb3.0.92&#8243;][et_pb_image src=\u00bbhttp:\/\/deporte.lanjaron.es\/magna\/wp-content\/uploads\/2018\/07\/MAPA-MAGNA.jpg\u00bb _builder_version=\u00bb3.0.92&#8243;][\/et_pb_image][\/et_pb_column][et_pb_column type=\u00bb1_3&#8243; _builder_version=\u00bb3.0.92&#8243;][et_pb_image src=\u00bbhttp:\/\/deporte.lanjaron.es\/magna\/wp-content\/uploads\/2018\/07\/COMER-EN-LA-MAGNA.jpg\u00bb _builder_version=\u00bb3.0.92&#8243;][\/et_pb_image][\/et_pb_column][\/et_pb_row][\/et_pb_section][et_pb_section fb_built=\u00bb1&#8243; make_fullwidth=\u00bbon\u00bb make_equal=\u00bbon\u00bb use_custom_gutter=\u00bbon\u00bb gutter_width=\u00bb1&#8243; specialty=\u00bbon\u00bb background_color_2=\u00bb#07aeba\u00bb padding_top_1=\u00bb150px\u00bb padding_top_2=\u00bb150px\u00bb padding_right_1=\u00bb60px\u00bb padding_right_2=\u00bb10%\u00bb padding_bottom_1=\u00bb150px\u00bb padding_bottom_2=\u00bb150px\u00bb padding_left_1=\u00bb10%\u00bb padding_left_2=\u00bb60px\u00bb padding_1_tablet=\u00bb|0%||0%||true\u00bb padding_2_tablet=\u00bb40px|10%|100px|10%||true\u00bb padding_1_last_edited=\u00bbon|desktop\u00bb padding_2_last_edited=\u00bbon|desktop\u00bb admin_label=\u00bbFooter\u00bb _builder_version=\u00bb3.20.2&#8243; use_background_color_gradient=\u00bbon\u00bb background_color_gradient_start=\u00bbrgba(24,30,36,0.9)\u00bb background_color_gradient_end=\u00bbrgba(24,157,201,0.69)\u00bb background_color_gradient_overlays_image=\u00bbon\u00bb background_image=\u00bbhttp:\/\/deporte.lanjaron.es\/magna\/wp-content\/uploads\/2018\/07\/magna.jpg\u00bb box_shadow_style=\u00bbpreset7&#8243; box_shadow_horizontal=\u00bb0px\u00bb box_shadow_vertical=\u00bb80px\u00bb box_shadow_color=\u00bb#ffffff\u00bb custom_padding=\u00bb0px||0px||true\u00bb animation_style=\u00bbslide\u00bb animation_direction=\u00bbbottom\u00bb animation_intensity_slide=\u00bb4%\u00bb animation_starting_opacity=\u00bb100%\u00bb saved_tabs=\u00bball\u00bb][et_pb_column type=\u00bb1_2&#8243; specialty_columns=\u00bb2&#8243; _builder_version=\u00bb3.0.47&#8243;][et_pb_row_inner custom_padding=\u00bb0|0px|0|0px|true|false\u00bb _builder_version=\u00bb3.6&#8243;][et_pb_column_inner type=\u00bb4_4&#8243; saved_specialty_column_type=\u00bb1_2&#8243; _builder_version=\u00bb3.0.47&#8243;][et_pb_text _builder_version=\u00bb3.6&#8243; text_font=\u00bbLato||||||||\u00bb text_font_size=\u00bb22px\u00bb text_line_height=\u00bb1.8em\u00bb header_font=\u00bb||||||||\u00bb header_2_font=\u00bbTeko||||||||\u00bb header_2_font_size=\u00bb96px\u00bb header_2_font_size_tablet=\u00bb66px\u00bb header_2_font_size_phone=\u00bb36px\u00bb header_2_font_size_last_edited=\u00bbon|phone\u00bb background_layout=\u00bbdark\u00bb custom_margin=\u00bb|||\u00bb locked=\u00bboff\u00bb]<\/p>\n<h2>Get In Touch<\/h2>\n<p>[\/et_pb_text][et_pb_text _builder_version=\u00bb3.0.92&#8243; text_font=\u00bbTeko|500|||||||\u00bb text_font_size=\u00bb40px\u00bb text_line_height=\u00bb1em\u00bb background_layout=\u00bbdark\u00bb custom_margin=\u00bb|||\u00bb locked=\u00bboff\u00bb]958 770 002<\/p>\n<p><span style=\"font-size: 40px;\">juventudydeportes@lanjaron.es<\/span><br \/>\n[\/et_pb_text][\/et_pb_column_inner][\/et_pb_row_inner][et_pb_row_inner use_custom_gutter=\u00bbon\u00bb gutter_width=\u00bb2&#8243; _builder_version=\u00bb3.6&#8243;][et_pb_column_inner type=\u00bb1_2&#8243; saved_specialty_column_type=\u00bb1_2&#8243; _builder_version=\u00bb3.0.47&#8243;][et_pb_text _builder_version=\u00bb3.6&#8243; text_font=\u00bbLato||||||||\u00bb text_font_size=\u00bb18px\u00bb text_line_height=\u00bb1.8em\u00bb header_font=\u00bb||||||||\u00bb header_4_font=\u00bbTeko|500|||||||\u00bb header_4_font_size=\u00bb22px\u00bb background_layout=\u00bbdark\u00bb custom_margin=\u00bb|||\u00bb locked=\u00bboff\u00bb]EXCLAMO AYUNTAMIENTO LANJARON, AREA DE DEPORTES. Plaza de la Constituci\u00f3n<br \/>\n29, Lanjar\u00f3n 1842070 002<br \/>\n[\/et_pb_text][et_pb_text _builder_version=\u00bb3.6&#8243; text_font=\u00bbLato||||||||\u00bb text_font_size=\u00bb18px\u00bb text_line_height=\u00bb1.8em\u00bb header_font=\u00bb||||||||\u00bb header_4_font=\u00bbTeko|500|||||||\u00bb header_4_font_size=\u00bb22px\u00bb background_layout=\u00bbdark\u00bb custom_margin=\u00bb|||\u00bb locked=\u00bboff\u00bb][\/et_pb_text][\/et_pb_column_inner][et_pb_column_inner type=\u00bb1_2&#8243; saved_specialty_column_type=\u00bb1_2&#8243; _builder_version=\u00bb3.0.47&#8243;][et_pb_text _builder_version=\u00bb3.6&#8243; text_font=\u00bbLato||||||||\u00bb text_font_size=\u00bb18px\u00bb text_line_height=\u00bb1.8em\u00bb header_font=\u00bb||||||||\u00bb header_4_font=\u00bbTeko|500|||||||\u00bb header_4_font_size=\u00bb22px\u00bb background_layout=\u00bbdark\u00bb custom_margin=\u00bb|||\u00bb locked=\u00bboff\u00bb][\/et_pb_text][\/et_pb_column_inner][\/et_pb_row_inner][\/et_pb_column][et_pb_column type=\u00bb1_2&#8243; _builder_version=\u00bb3.0.47&#8243;][et_pb_contact_form captcha=\u00bboff\u00bb email=\u00bbjuventudydeportes@lanjaron.es \u00bb title=\u00bbContacta con nosotros\u00bb submit_button_text=\u00bbSend Message\u00bb form_background_color=\u00bbrgba(0,0,0,0.15)\u00bb module_id=\u00bbet_pb_contact_form_0&#8243; _builder_version=\u00bb3.20.2&#8243; title_font=\u00bbTeko||||||||\u00bb title_text_color=\u00bb#ffffff\u00bb title_font_size=\u00bb40px\u00bb title_line_height=\u00bb1.2em\u00bb form_field_font=\u00bbLato||||||||\u00bb form_field_text_color=\u00bb#ffffff\u00bb form_field_font_size=\u00bb16px\u00bb custom_button=\u00bbon\u00bb button_text_color=\u00bb#087893&#8243; button_bg_color=\u00bb#ffffff\u00bb button_border_width=\u00bb8px\u00bb button_border_color=\u00bb#ffffff\u00bb button_border_radius=\u00bb0px\u00bb button_letter_spacing=\u00bb4px\u00bb button_font=\u00bbTeko|||on|||||\u00bb button_icon=\u00bb%%3%%\u00bb locked=\u00bboff\u00bb][et_pb_contact_field field_id=\u00bbName\u00bb field_title=\u00bbNombre\u00bb fullwidth_field=\u00bbon\u00bb _builder_version=\u00bb3.16&#8243; border_radii=\u00bbon||||\u00bb button_text_size__hover_enabled=\u00bboff\u00bb button_one_text_size__hover_enabled=\u00bboff\u00bb button_two_text_size__hover_enabled=\u00bboff\u00bb button_text_color__hover_enabled=\u00bboff\u00bb button_one_text_color__hover_enabled=\u00bboff\u00bb button_two_text_color__hover_enabled=\u00bboff\u00bb button_border_width__hover_enabled=\u00bboff\u00bb button_one_border_width__hover_enabled=\u00bboff\u00bb button_two_border_width__hover_enabled=\u00bboff\u00bb button_border_color__hover_enabled=\u00bboff\u00bb button_one_border_color__hover_enabled=\u00bboff\u00bb button_two_border_color__hover_enabled=\u00bboff\u00bb button_border_radius__hover_enabled=\u00bboff\u00bb button_one_border_radius__hover_enabled=\u00bboff\u00bb button_two_border_radius__hover_enabled=\u00bboff\u00bb button_letter_spacing__hover_enabled=\u00bboff\u00bb button_one_letter_spacing__hover_enabled=\u00bboff\u00bb button_two_letter_spacing__hover_enabled=\u00bboff\u00bb button_bg_color__hover_enabled=\u00bboff\u00bb button_one_bg_color__hover_enabled=\u00bboff\u00bb button_two_bg_color__hover_enabled=\u00bboff\u00bb][\/et_pb_contact_field][et_pb_contact_field field_id=\u00bbEmail\u00bb field_title=\u00bbEmail direcci\u00f3n\u00bb field_type=\u00bbemail\u00bb fullwidth_field=\u00bbon\u00bb _builder_version=\u00bb3.16&#8243; border_radii=\u00bbon||||\u00bb button_text_size__hover_enabled=\u00bboff\u00bb button_one_text_size__hover_enabled=\u00bboff\u00bb button_two_text_size__hover_enabled=\u00bboff\u00bb button_text_color__hover_enabled=\u00bboff\u00bb button_one_text_color__hover_enabled=\u00bboff\u00bb button_two_text_color__hover_enabled=\u00bboff\u00bb button_border_width__hover_enabled=\u00bboff\u00bb button_one_border_width__hover_enabled=\u00bboff\u00bb button_two_border_width__hover_enabled=\u00bboff\u00bb button_border_color__hover_enabled=\u00bboff\u00bb button_one_border_color__hover_enabled=\u00bboff\u00bb button_two_border_color__hover_enabled=\u00bboff\u00bb button_border_radius__hover_enabled=\u00bboff\u00bb button_one_border_radius__hover_enabled=\u00bboff\u00bb button_two_border_radius__hover_enabled=\u00bboff\u00bb button_letter_spacing__hover_enabled=\u00bboff\u00bb button_one_letter_spacing__hover_enabled=\u00bboff\u00bb button_two_letter_spacing__hover_enabled=\u00bboff\u00bb button_bg_color__hover_enabled=\u00bboff\u00bb button_one_bg_color__hover_enabled=\u00bboff\u00bb button_two_bg_color__hover_enabled=\u00bboff\u00bb][\/et_pb_contact_field][et_pb_contact_field field_id=\u00bbMessage\u00bb field_title=\u00bbMensaje\u00bb field_type=\u00bbtext\u00bb fullwidth_field=\u00bbon\u00bb _builder_version=\u00bb3.16&#8243; border_radii=\u00bbon||||\u00bb button_text_size__hover_enabled=\u00bboff\u00bb button_one_text_size__hover_enabled=\u00bboff\u00bb button_two_text_size__hover_enabled=\u00bboff\u00bb button_text_color__hover_enabled=\u00bboff\u00bb button_one_text_color__hover_enabled=\u00bboff\u00bb button_two_text_color__hover_enabled=\u00bboff\u00bb button_border_width__hover_enabled=\u00bboff\u00bb button_one_border_width__hover_enabled=\u00bboff\u00bb button_two_border_width__hover_enabled=\u00bboff\u00bb button_border_color__hover_enabled=\u00bboff\u00bb button_one_border_color__hover_enabled=\u00bboff\u00bb button_two_border_color__hover_enabled=\u00bboff\u00bb button_border_radius__hover_enabled=\u00bboff\u00bb button_one_border_radius__hover_enabled=\u00bboff\u00bb button_two_border_radius__hover_enabled=\u00bboff\u00bb button_letter_spacing__hover_enabled=\u00bboff\u00bb button_one_letter_spacing__hover_enabled=\u00bboff\u00bb button_two_letter_spacing__hover_enabled=\u00bboff\u00bb button_bg_color__hover_enabled=\u00bboff\u00bb button_one_bg_color__hover_enabled=\u00bboff\u00bb button_two_bg_color__hover_enabled=\u00bboff\u00bb][\/et_pb_contact_field][\/et_pb_contact_form][\/et_pb_column][\/et_pb_section]<\/p>\n","protected":false},"excerpt":{"rendered":"<p>[et_pb_section fb_built=\u00bb1&#8243; admin_label=\u00bbFinancing\u00bb _builder_version=\u00bb3.0.92&#8243; use_background_color_gradient=\u00bbon\u00bb background_color_gradient_start=\u00bbrgba(27,31,37,0.3)\u00bb background_color_gradient_end=\u00bb#1b1f25&#8243; background_color_gradient_overlays_image=\u00bbon\u00bb background_image=\u00bbhttp:\/\/deporte.lanjaron.es\/magna\/wp-content\/uploads\/2018\/07\/alpujarramagna.jpg\u00bb background_size=\u00bbcontain\u00bb custom_padding=\u00bb250px||0px||false|false\u00bb][et_pb_row custom_padding=\u00bb0|0px|0px|0px|false|false\u00bb _builder_version=\u00bb3.6&#8243; mix_blend_mode=\u00bboverlay\u00bb animation_style=\u00bbzoom\u00bb animation_intensity_zoom=\u00bb20%\u00bb][et_pb_column type=\u00bb4_4&#8243; _builder_version=\u00bb3.0.47&#8243;][et_pb_text _builder_version=\u00bb3.6&#8243; text_font=\u00bbTeko|500||on|||||\u00bb text_font_size=\u00bb500px\u00bb text_font_size_tablet=\u00bb300px\u00bb text_font_size_phone=\u00bb230px\u00bb text_font_size_last_edited=\u00bbon|phone\u00bb text_line_height=\u00bb0.5em\u00bb header_font=\u00bb||||||||\u00bb text_orientation=\u00bbcenter\u00bb background_layout=\u00bbdark\u00bb custom_margin=\u00bb||-60px|\u00bb filter_blur=\u00bb4px\u00bb]gf [\/et_pb_text][\/et_pb_column][\/et_pb_row][et_pb_row make_fullwidth=\u00bbon\u00bb custom_padding=\u00bb0|0px|0px|0px|false|false\u00bb custom_margin=\u00bb|||\u00bb _builder_version=\u00bb3.6&#8243;][et_pb_column type=\u00bb4_4&#8243; _builder_version=\u00bb3.0.47&#8243;][et_pb_text _builder_version=\u00bb3.6&#8243; text_font=\u00bb||||||||\u00bb header_font=\u00bb||||||||\u00bb header_line_height=\u00bb0.7em\u00bb header_line_height_phone=\u00bb1.2em\u00bb header_line_height_last_edited=\u00bbon|phone\u00bb header_2_font=\u00bbTeko|500||on|||||\u00bb header_2_text_color=\u00bb#ffffff\u00bb header_2_font_size=\u00bb9vw\u00bb header_2_line_height=\u00bb1.2em\u00bb text_orientation=\u00bbcenter\u00bb animation_style=\u00bbzoom\u00bb animation_delay=\u00bb100ms\u00bb animation_intensity_zoom=\u00bb20%\u00bb] servicios [\/et_pb_text][\/et_pb_column][\/et_pb_row][\/et_pb_section][et_pb_section fb_built=\u00bb1&#8243; inner_shadow=\u00bbon\u00bb&hellip; <a class=\"more-link\" href=\"https:\/\/deporte.lanjaron.es\/magna\/programa\/\">Seguir leyendo <span class=\"screen-reader-text\">SERVICIOS<\/span><\/a><\/p>\n","protected":false},"author":1,"featured_media":0,"parent":0,"menu_order":0,"comment_status":"closed","ping_status":"closed","template":"","meta":{"jetpack_post_was_ever_published":false,"footnotes":""},"class_list":["post-98","page","type-page","status-publish","hentry","entry"],"jetpack_sharing_enabled":true,"jetpack_shortlink":"https:\/\/wp.me\/Pa2gnX-1A","_links":{"self":[{"href":"https:\/\/deporte.lanjaron.es\/magna\/wp-json\/wp\/v2\/pages\/98","targetHints":{"allow":["GET"]}}],"collection":[{"href":"https:\/\/deporte.lanjaron.es\/magna\/wp-json\/wp\/v2\/pages"}],"about":[{"href":"https:\/\/deporte.lanjaron.es\/magna\/wp-json\/wp\/v2\/types\/page"}],"author":[{"embeddable":true,"href":"https:\/\/deporte.lanjaron.es\/magna\/wp-json\/wp\/v2\/users\/1"}],"replies":[{"embeddable":true,"href":"https:\/\/deporte.lanjaron.es\/magna\/wp-json\/wp\/v2\/comments?post=98"}],"version-history":[{"count":51,"href":"https:\/\/deporte.lanjaron.es\/magna\/wp-json\/wp\/v2\/pages\/98\/revisions"}],"predecessor-version":[{"id":805,"href":"https:\/\/deporte.lanjaron.es\/magna\/wp-json\/wp\/v2\/pages\/98\/revisions\/805"}],"wp:attachment":[{"href":"https:\/\/deporte.lanjaron.es\/magna\/wp-json\/wp\/v2\/media?parent=98"}],"curies":[{"name":"wp","href":"https:\/\/api.w.org\/{rel}","templated":true}]}}