{"id":118,"date":"2018-06-29T17:02:30","date_gmt":"2018-06-29T17:02:30","guid":{"rendered":"http:\/\/deporte.lanjaron.es\/magna\/?page_id=118"},"modified":"2019-07-17T21:46:11","modified_gmt":"2019-07-17T21:46:11","slug":"recogida-dorsal","status":"publish","type":"page","link":"https:\/\/deporte.lanjaron.es\/magna\/recogida-dorsal\/","title":{"rendered":"RECOGIDA DORSAL"},"content":{"rendered":"<p>[et_pb_section fb_built=\u00bb1&#8243; _builder_version=\u00bb3.0.47&#8243; custom_padding=\u00bb54px|0px|0|0px|false|false\u00bb][et_pb_row _builder_version=\u00bb3.0.92&#8243; background_size=\u00bbinitial\u00bb background_position=\u00bbtop_left\u00bb background_repeat=\u00bbrepeat\u00bb module_alignment=\u00bbcenter\u00bb][et_pb_column type=\u00bb1_2&#8243; _builder_version=\u00bb3.0.47&#8243;][et_pb_image src=\u00bbhttp:\/\/deporte.lanjaron.es\/magna\/wp-content\/uploads\/2019\/07\/cartel-magna.jpeg\u00bb _builder_version=\u00bb3.20.2&#8243; use_background_color_gradient=\u00bbon\u00bb][\/et_pb_image][\/et_pb_column][et_pb_column type=\u00bb1_2&#8243; _builder_version=\u00bb3.0.47&#8243;][et_pb_text _builder_version=\u00bb3.20.2&#8243;]<\/p>\n<p style=\"text-align: justify;\"><strong>La recogida de dorsales<\/strong> se realizar\u00e1 en la oficina t\u00e9cnica de carrera el <strong>viernes<\/strong> <strong>27 de septiembre de 17:30 a 22:00 y el mismo d\u00eda de la prueba de 7:00 a 8:15.<\/strong><br \/>Todo participante deber\u00e1 llevar, de forma<strong> obligatoria y visible, la placa<\/strong> en la parte delantera de la bicicleta. Aquel ciclista que no lleve colocada de manera visible la placa de la bicicleta ser\u00e1 excluido del recorrido por miembros de la organizaci\u00f3n o por las fuerzas del orden.\u00a0<\/p>\n<p style=\"text-align: justify;\">\u2022 <strong>LA PLACA<\/strong> debe llevarse en la parte delantera de la bicicleta bien visible sin doblar, y sin ocultar ni alterar la publicidad.\u00a0<\/p>\n<p style=\"text-align: justify;\">\u2022 <strong>EL CHIP<\/strong> va adherido a la placa, formando una unidad con \u00e9sta.\u00a0<\/p>\n<p style=\"text-align: justify;\"><span style=\"font-size: 14px;\">El dorsal y el chip son art\u00edculos personales e intransferibles. La persona inscrita s\u00f3lo podr\u00e1 participar con el dorsal que le ha sido asignado y acepta no permitir el uso del mismo a otras personas. No se admitir\u00e1n reclamaciones por extrav\u00edo del chip o colocaci\u00f3n en lugar inadecuado.\u00a0<\/span><\/p>\n<p style=\"text-align: justify;\">Para recoger el dorsal <strong>ES OBLIGATORIO<\/strong> <strong>presentar<\/strong> <strong>el DNI o NIE y la licencia de Ciclismo<\/strong> en el caso de que no se haya suscrito el seguro propuesto por la organizaci\u00f3n,<\/p>\n<p>[\/et_pb_text][et_pb_image src=\u00bbhttp:\/\/deporte.lanjaron.es\/magna\/wp-content\/uploads\/2019\/07\/21688276_346008519155811_5588100508026643743_o.jpg\u00bb _builder_version=\u00bb3.20.2&#8243;][\/et_pb_image][\/et_pb_column][\/et_pb_row][\/et_pb_section]<\/p>\n","protected":false},"excerpt":{"rendered":"<p>[et_pb_section fb_built=\u00bb1&#8243; _builder_version=\u00bb3.0.47&#8243; custom_padding=\u00bb54px|0px|0|0px|false|false\u00bb][et_pb_row _builder_version=\u00bb3.0.92&#8243; background_size=\u00bbinitial\u00bb background_position=\u00bbtop_left\u00bb background_repeat=\u00bbrepeat\u00bb module_alignment=\u00bbcenter\u00bb][et_pb_column type=\u00bb1_2&#8243; _builder_version=\u00bb3.0.47&#8243;][et_pb_image src=\u00bbhttp:\/\/deporte.lanjaron.es\/magna\/wp-content\/uploads\/2019\/07\/cartel-magna.jpeg\u00bb _builder_version=\u00bb3.20.2&#8243; use_background_color_gradient=\u00bbon\u00bb][\/et_pb_image][\/et_pb_column][et_pb_column type=\u00bb1_2&#8243; _builder_version=\u00bb3.0.47&#8243;][et_pb_text _builder_version=\u00bb3.20.2&#8243;] La recogida de dorsales se realizar\u00e1 en la oficina t\u00e9cnica de carrera el viernes 27 de septiembre de 17:30 a 22:00 y el mismo d\u00eda de la prueba de 7:00 a 8:15.Todo participante deber\u00e1 llevar, de forma obligatoria&hellip; <a class=\"more-link\" href=\"https:\/\/deporte.lanjaron.es\/magna\/recogida-dorsal\/\">Seguir leyendo <span class=\"screen-reader-text\">RECOGIDA DORSAL<\/span><\/a><\/p>\n","protected":false},"author":1,"featured_media":0,"parent":0,"menu_order":0,"comment_status":"closed","ping_status":"closed","template":"","meta":{"jetpack_post_was_ever_published":false,"footnotes":""},"class_list":["post-118","page","type-page","status-publish","hentry","entry"],"jetpack_sharing_enabled":true,"jetpack_shortlink":"https:\/\/wp.me\/Pa2gnX-1U","_links":{"self":[{"href":"https:\/\/deporte.lanjaron.es\/magna\/wp-json\/wp\/v2\/pages\/118","targetHints":{"allow":["GET"]}}],"collection":[{"href":"https:\/\/deporte.lanjaron.es\/magna\/wp-json\/wp\/v2\/pages"}],"about":[{"href":"https:\/\/deporte.lanjaron.es\/magna\/wp-json\/wp\/v2\/types\/page"}],"author":[{"embeddable":true,"href":"https:\/\/deporte.lanjaron.es\/magna\/wp-json\/wp\/v2\/users\/1"}],"replies":[{"embeddable":true,"href":"https:\/\/deporte.lanjaron.es\/magna\/wp-json\/wp\/v2\/comments?post=118"}],"version-history":[{"count":7,"href":"https:\/\/deporte.lanjaron.es\/magna\/wp-json\/wp\/v2\/pages\/118\/revisions"}],"predecessor-version":[{"id":741,"href":"https:\/\/deporte.lanjaron.es\/magna\/wp-json\/wp\/v2\/pages\/118\/revisions\/741"}],"wp:attachment":[{"href":"https:\/\/deporte.lanjaron.es\/magna\/wp-json\/wp\/v2\/media?parent=118"}],"curies":[{"name":"wp","href":"https:\/\/api.w.org\/{rel}","templated":true}]}}